

{"id":9638,"date":"2016-06-15T14:49:13","date_gmt":"2016-06-15T12:49:13","guid":{"rendered":"http:\/\/www.ruhr-reggae-summer.de\/mhx\/?page_id=9638"},"modified":"2016-09-09T15:36:30","modified_gmt":"2016-09-09T13:36:30","slug":"impressum","status":"publish","type":"page","link":"https:\/\/www.ruhr-reggae-summer.de\/mhx\/impressum\/","title":{"rendered":"Impressum"},"content":{"rendered":"<section class=\"wpb-content-wrapper\">[vc_row][vc_column][vc_column_text]U-Concert \u2013 Veranstaltungsproduktionen<br \/>\nu-concert GmbH &amp; Co.KG<br \/>\nLuisenstra\u00dfe 102<br \/>\n42103\u00a0Wuppertal<\/p>\n<p class=\"p1\"><span class=\"s1\">Kommanditgesellschaft:\u00a0Amtsgericht\u00a0<\/span><span class=\"s1\">Wuppertal, HRA 23720<\/span><\/p>\n<p class=\"p1\"><span class=\"s1\">Komplement\u00e4rin:\u00a0<\/span><span class=\"s1\">u-concert Verwaltungs GmbH,\u00a0Amtsgericht<\/span><span class=\"s1\">\u00a0Wuppertal, HRB \u00a025066<\/span><\/p>\n<p class=\"p1\">Gesch\u00e4ftsf\u00fchrer: Tilmann Rudorff,\u00a0Henning Schmalenbach<br \/>\nE-Mail:\u00a0info@u-concert.de<\/p>\n<p>Ust.Id.: DE289984683<br \/>\nFax: +49 202 4469407<br \/>\n<a style=\"margin: 0px; padding: 0px; outline: 0px; border: 0px; font-size: 12px; vertical-align: baseline; text-decoration: none; color: #a17e3c; background: transparent;\" title=\"&gt;&gt; u-concert.de\" href=\"http:\/\/www.u-concert.de\/\" target=\"_blank\">&gt;&gt; u-concert.de<\/a><\/p>\n<p><strong>Umsetzung<br \/>\n<\/strong>Redaktion &amp; Text: Robert Marczynski<br \/>\nKonzept &amp; Gestaltung:\u00a0Felix Welberg, Robert Marczynski<\/p>\n<p><strong>Urheberrechtshinweise<\/strong><br \/>\nDie vom Anbieter bereit gestellten Inhalte und Bilder dieser Seiten sind urheberrechtlich gesch\u00fctzt. Die Informationen sind nur f\u00fcr die pers\u00f6nliche Verwendung bestimmt. Jede weitergehende Verwendung \u2013 auch in Teilen oder in ver\u00e4nderter Form \u2013 ist ohne ausdr\u00fcckliche schriftliche Zustimmung des Anbieters untersagt.<\/p>\n<p><strong>Haftungshinweise<\/strong><br \/>\nDer Anbieter \u00fcbernimmt keine Haftung f\u00fcr Vollst\u00e4ndigkeit, Richtigkeit und Aktualit\u00e4t der bereitgestellten Informationen. Insbesondere \u00fcbernimmt er keinerlei Haftung f\u00fcr Sch\u00e4den, die sich aus der Nutzung der angebotenen Inhalte ergeben k\u00f6nnen, wenn diese Nutzung auf unvollst\u00e4ndige, fehlerhafte oder veraltete Informationen zur\u00fcckzuf\u00fchren ist. Trotz sorgf\u00e4ltiger Kontrolle \u00fcbernimmt der Anbieter ausdr\u00fccklich keine Haftung f\u00fcr die Inhalte externer Links. F\u00fcr die Inhalte der verlinkten Seiten sind ausschlie\u00dflich deren Betreiber verantwortlich.<\/p>\n<p><strong>Haftungsausschluss<\/strong><br \/>\nTrotz sorgf\u00e4ltiger Kontrolle \u00fcbernimmt der Herausgeber ausdr\u00fccklich keine Haftung f\u00fcr die Inhalte externer Links. F\u00fcr den Inhalt der verlinkten Seiten sind ausschlie\u00dflich deren Betreiber verantwortlich.<\/p>\n<p><strong>Datenschutzhinweise<\/strong><br \/>\nDie Angabe personenbezogener Daten wie Name, Telefon oder E-Mail-Adresse erfolgt auf freiwilliger Basis.<\/p>\n<p>Copyright \u00a9 2016 U-Concert<br \/>\nAlle Rechte vorbehalten[\/vc_column_text][\/vc_column][\/vc_row]\n<\/section>","protected":false},"excerpt":{"rendered":"<p>[vc_row][vc_column][vc_column_text]U-Concert \u2013 Veranstaltungsproduktionen u-concert GmbH &amp; Co.KG Luisenstra\u00dfe 102 42103\u00a0Wuppertal Kommanditgesellschaft:\u00a0Amtsgericht\u00a0Wuppertal, HRA 23720 Komplement\u00e4rin:\u00a0u-concert Verwaltungs GmbH,\u00a0Amtsgericht\u00a0Wuppertal, HRB \u00a025066 Gesch\u00e4ftsf\u00fchrer: Tilmann Rudorff,\u00a0Henning Schmalenbach E-Mail:\u00a0info@u-concert.de Ust.Id.: DE289984683 Fax: +49 202 4469407 &gt;&gt; u-concert.de Umsetzung Redaktion &amp; Text: Robert Marczynski Konzept &amp; Gestaltung:\u00a0Felix Welberg, Robert Marczynski Urheberrechtshinweise Die vom Anbieter bereit gestellten Inhalte und Bilder dieser Seiten sind [&hellip;]<\/p>\n","protected":false},"author":1,"featured_media":0,"parent":0,"menu_order":0,"comment_status":"closed","ping_status":"closed","template":"","meta":{"footnotes":""},"_links":{"self":[{"href":"https:\/\/www.ruhr-reggae-summer.de\/mhx\/wp-json\/wp\/v2\/pages\/9638"}],"collection":[{"href":"https:\/\/www.ruhr-reggae-summer.de\/mhx\/wp-json\/wp\/v2\/pages"}],"about":[{"href":"https:\/\/www.ruhr-reggae-summer.de\/mhx\/wp-json\/wp\/v2\/types\/page"}],"author":[{"embeddable":true,"href":"https:\/\/www.ruhr-reggae-summer.de\/mhx\/wp-json\/wp\/v2\/users\/1"}],"replies":[{"embeddable":true,"href":"https:\/\/www.ruhr-reggae-summer.de\/mhx\/wp-json\/wp\/v2\/comments?post=9638"}],"version-history":[{"count":7,"href":"https:\/\/www.ruhr-reggae-summer.de\/mhx\/wp-json\/wp\/v2\/pages\/9638\/revisions"}],"predecessor-version":[{"id":11105,"href":"https:\/\/www.ruhr-reggae-summer.de\/mhx\/wp-json\/wp\/v2\/pages\/9638\/revisions\/11105"}],"wp:attachment":[{"href":"https:\/\/www.ruhr-reggae-summer.de\/mhx\/wp-json\/wp\/v2\/media?parent=9638"}],"curies":[{"name":"wp","href":"https:\/\/api.w.org\/{rel}","templated":true}]}}