

{"id":9630,"date":"2016-06-15T15:02:00","date_gmt":"2016-06-15T13:02:00","guid":{"rendered":"http:\/\/www.ruhr-reggae-summer.de\/mhx\/?page_id=9630"},"modified":"2025-07-07T12:31:03","modified_gmt":"2025-07-07T10:31:03","slug":"vibes-crew","status":"publish","type":"page","link":"https:\/\/www.ruhr-reggae-summer.de\/mhx\/vibes-crew\/","title":{"rendered":"Vibes Crew (Ehrenamtliche Helfer)"},"content":{"rendered":"<section class=\"wpb-content-wrapper\">[vc_row][vc_column][\/vc_column][\/vc_row][vc_row][vc_column][vc_single_image image=&#8220;9632&#8243; img_size=&#8220;1160&#215;350&#8243;][vc_text_separator title=&#8220;Unsere Vibes Crew (Ehrenamtliche Helfer)&#8220;][vc_column_text align=&#8220;center&#8220; css=&#8220;.vc_custom_1751884259011{margin-bottom: 0px !important;}&#8220;]<b>Das Festival, das sich selbst organisiert: Welcome our new VIBES CREW (Ehrenamtliche Helfer)!<\/b><\/p>\n<p>Nachdem wir viel Erfahrung in der Organisation eines Festivals gesammelt haben, kommen wir zu folgenden Erkenntnissen:<\/p>\n<p><b><b>1. Ein Festival braucht tausend H\u00e4nde.<br \/>\n2. Das gemeinsame Arbeiten auf einem Festival schwei\u00dft zusammen, ist kommunikativ und macht gute Laune (solange die Arbeit nicht \u00fcberhand nimmt).<br \/>\n3. Am sch\u00f6nsten und authentischsten ist der Kontakt zwischen Gleichgesinnten, von Reggae-Fan zu Reggae-Fan.<\/b><\/b><\/p>\n<p>Aus diesen Erkenntnissen heraus ist das Konzept der Vibes Crew (Ehrenamtliche Helfer) entstanden:<\/p>\n<p><b>1\/4 der Festivalzeit wird darauf verwendet, das Ruhr Reggae Summer zu unterst\u00fctzen.<\/b><\/p>\n<p>\u2192 Das hilft uns (Erkenntnis 1), macht meistens Spa\u00df (Erkenntnis 2), und verbessert die Stimmung auf dem Festival (Erkenntnis 3).<\/p>\n<p>Eure <b>T\u00e4tigkeiten <\/b>reichen dabei von der Betreuung der G\u00e4ste beim Einlass zur Bereitstellung von Rat und Tat an den Infopoints zur Hilfe beim Auf- und Abbau \u2013 ganz nach Lust, Notwendigkeit und F\u00e4higkeit: Solltet Ihr preisgekr\u00f6nte Fotografen sein, freuen wir uns \u00fcber Fotos, ist klar. F\u00fcr Eure <b>Unterbringung<\/b> ist ein Bereich im Sweet Camp reserviert<b>.<\/b> In der <b>Verteilung der Arbeitszeiten<\/b> sind wir weitgehend flexibel \u2013 uns liegt am Herzen, dass Ihr die Acts sehen k\u00f6nnt, die Euch am Herzen liegen.<\/p>\n<p><b>3\/4 der Festivalzeit wird kostenlos gefeiert.<\/b><\/p>\n<p>\u2192 Im Austausch daf\u00fcr, dass Ihr uns bei der sch\u00f6nen Aufgabe unterst\u00fctzt, das Ruhr Reggae Summer noch besser zu machen, ist der Besuch des restlichen Teils des Festivals f\u00fcr die Vibes Crew nat\u00fcrlich kostenlos: Bei der Ankunft bekommt Ihr ein spezielles Vibes Crew Festivalb\u00e4ndchen, mit dem Ihr Euch den Rest der Zeit wie ein normaler Festivalbesucher frei auf dem Gel\u00e4nde bewegen k\u00f6nnt.<\/p>\n<p><b>Und so funktioniert\u2019s: Wenn Du vollj\u00e4hrig bist, Mittwochabend bis Montagnachmittag Zeit und vor allem: Lust darauf hast, Teil der Vibes Crew zu sein, bewirb Dich mit diesem Formular:<\/b><\/p>\n<p><a href=\"https:\/\/www.ruhr-reggae-summer.de\/mhx\/vibes-crew\/vibes-crew_bewerbung_2025-2\/\" rel=\"attachment wp-att-10965\">vibes-crew_bewerbung_2025<\/a><\/p>\n<p>Bitte lade das Formular runter und sende es uns vollst\u00e4ndig ausgef\u00fcllt per Mail an <a href=\"mailto:vibes-crew@reggaesummer.com\">vibes-crew@reggaesummer.com<\/a> oder per Fax an 0202-4469407. (Deine Daten werden selbstverst\u00e4ndlich vertraulich behandelt und nicht an Dritte weitergegeben.)<\/p>\n<p>Wir melden uns nach Eingang des Formulars innerhalb von drei Tagen bei Dir![\/vc_column_text][\/vc_column][\/vc_row][vc_row][vc_column][vc_text_separator title=&#8220;Download Anmeldeformular 2025&#8243;][vc_column_text align=&#8220;center&#8220; css=&#8220;.vc_custom_1751884178300{margin-bottom: 0px !important;}&#8220;]<a href=\"https:\/\/www.ruhr-reggae-summer.de\/mhx\/vibes-crew\/vibes-crew_bewerbung_2025-2\/\" rel=\"attachment wp-att-10965\">vibes-crew_bewerbung_2025<\/a>[\/vc_column_text][\/vc_column][\/vc_row]\n<\/section>","protected":false},"excerpt":{"rendered":"<p>[vc_row][vc_column][\/vc_column][\/vc_row][vc_row][vc_column][vc_single_image image=&#8220;9632&#8243; img_size=&#8220;1160&#215;350&#8243;][vc_text_separator title=&#8220;Unsere Vibes Crew (Ehrenamtliche Helfer)&#8220;][vc_column_text align=&#8220;center&#8220; css=&#8220;.vc_custom_1751884259011{margin-bottom: 0px !important;}&#8220;]Das Festival, das sich selbst organisiert: Welcome our new VIBES CREW (Ehrenamtliche Helfer)! Nachdem wir viel Erfahrung in der Organisation eines Festivals gesammelt haben, kommen wir zu folgenden Erkenntnissen: 1. Ein Festival braucht tausend H\u00e4nde. 2. Das gemeinsame Arbeiten auf einem Festival schwei\u00dft zusammen, [&hellip;]<\/p>\n","protected":false},"author":1,"featured_media":0,"parent":0,"menu_order":0,"comment_status":"closed","ping_status":"closed","template":"","meta":{"footnotes":""},"_links":{"self":[{"href":"https:\/\/www.ruhr-reggae-summer.de\/mhx\/wp-json\/wp\/v2\/pages\/9630"}],"collection":[{"href":"https:\/\/www.ruhr-reggae-summer.de\/mhx\/wp-json\/wp\/v2\/pages"}],"about":[{"href":"https:\/\/www.ruhr-reggae-summer.de\/mhx\/wp-json\/wp\/v2\/types\/page"}],"author":[{"embeddable":true,"href":"https:\/\/www.ruhr-reggae-summer.de\/mhx\/wp-json\/wp\/v2\/users\/1"}],"replies":[{"embeddable":true,"href":"https:\/\/www.ruhr-reggae-summer.de\/mhx\/wp-json\/wp\/v2\/comments?post=9630"}],"version-history":[{"count":32,"href":"https:\/\/www.ruhr-reggae-summer.de\/mhx\/wp-json\/wp\/v2\/pages\/9630\/revisions"}],"predecessor-version":[{"id":10967,"href":"https:\/\/www.ruhr-reggae-summer.de\/mhx\/wp-json\/wp\/v2\/pages\/9630\/revisions\/10967"}],"wp:attachment":[{"href":"https:\/\/www.ruhr-reggae-summer.de\/mhx\/wp-json\/wp\/v2\/media?parent=9630"}],"curies":[{"name":"wp","href":"https:\/\/api.w.org\/{rel}","templated":true}]}}