

{"id":9512,"date":"2016-07-18T13:27:49","date_gmt":"2016-07-18T11:27:49","guid":{"rendered":"http:\/\/www.ruhr-reggae-summer.de\/mhx\/?page_id=9512"},"modified":"2024-08-08T12:51:13","modified_gmt":"2024-08-08T10:51:13","slug":"dos-donts","status":"publish","type":"page","link":"https:\/\/www.ruhr-reggae-summer.de\/mhx\/dos-donts\/","title":{"rendered":"Do\u2019s &#038; Dont\u2019s"},"content":{"rendered":"<section class=\"wpb-content-wrapper\">[vc_row][vc_column][mk_ornamental_title font_family=&#8220;HelveticaNeue-Light, Helvetica Neue Light, Helvetica Neue, Helvetica, Arial, &#8222;Lucida Grande&#8222;, sans-serif&#8220; font_type=&#8220;safefont&#8220; font_size=&#8220;30&#8243; ornament_style=&#8220;norman-short-single&#8220; nss_align=&#8220;center&#8220;]Do\u00b4s[\/mk_ornamental_title][vc_column_text align=&#8220;center&#8220;]\n<p class=\"p1\"><b>Auf dem Festivalgel\u00e4nde erlaubt:<\/b><\/p>\n<p class=\"p3\"><span class=\"s1\">Eine (1) unge\u00f6ffnete, bepfandete Plastikflasche Wasser pro Person.<\/span><\/p>\n<p class=\"p4\"><span class=\"s1\"><b>Grunds\u00e4tzlich erlaubt:<\/b><\/span><\/p>\n<p class=\"p3\"><span class=\"s1\">Alles, was hier nicht aufgef\u00fchrt ist. Spontane Verbote sind\u00a0<\/span><span class=\"s2\">nicht<\/span><span class=\"s1\">\u00a0erlaubt.<\/span><\/p>\n<p class=\"p4\"><span class=\"s1\"><b>Au\u00dferdem erlaubt und erw\u00fcnscht:<\/b><\/span><\/p>\n<p class=\"p3\"><span class=\"s1\">Am Schwimmbadeingang gibt es einen Festival-Infostand. Bitte wendet Euch bei Fragen und Problemen jeglicher Art (Stress mit Securities oder sonst Jemandem, k\u00f6rperliche\u00a0Probleme, Ihr f\u00fchlt euch bel\u00e4stigt, \u2026) an die Jungs und M\u00e4dels, die helfen Euch weiter!<\/span><\/p>\n[\/vc_column_text][\/vc_column][\/vc_row][vc_row][vc_column css=&#8220;.vc_custom_1469537878003{margin-top: 20px !important;}&#8220;][mk_ornamental_title font_family=&#8220;HelveticaNeue-Light, Helvetica Neue Light, Helvetica Neue, Helvetica, Arial, &#8222;Lucida Grande&#8222;, sans-serif&#8220; font_type=&#8220;safefont&#8220; font_size=&#8220;30&#8243; ornament_style=&#8220;norman-short-single&#8220; nss_align=&#8220;center&#8220;]Dont\u00b4s auf dem\u00a0Festivalgel\u00e4nde[\/mk_ornamental_title][vc_single_image image=&#8220;10816&#8243; img_size=&#8220;1200&#215;800&#8243; alignment=&#8220;center&#8220;][vc_column_text align=&#8220;center&#8220;]\n<p class=\"p4\"><span class=\"s1\">Grunds\u00e4tzlich gilt: Geh sorgsam mit deiner Umgebung um, achte auf andere Menschen, und auf Dich selbst.<\/span><\/p>\n<p class=\"p3\"><span class=\"s1\">Absolut verboten ist bei uns: Aggressives Verhalten (!!)<\/span><\/p>\n<p class=\"p3\"><span class=\"s1\">Glas \/ ge\u00f6ffnete Plastikflaschen \/ Tetrapaks \/ mehr als eine Plastikflasche pro Person \/ alle Getr\u00e4nke au\u00dfer Wasser. Wir behalten uns das Recht vor, verd\u00e4chtige Personen auf dem Festivalgel\u00e4nde nach gef\u00e4hrlichen Gegenst\u00e4nden zu durchsuchen.\u00a0<\/span><\/p>\n[\/vc_column_text][\/vc_column][vc_column css=&#8220;.vc_custom_1469537014250{margin-top: 80px !important;margin-bottom: 80px !important;}&#8220;][mk_ornamental_title font_family=&#8220;HelveticaNeue-Light, Helvetica Neue Light, Helvetica Neue, Helvetica, Arial, &#8222;Lucida Grande&#8222;, sans-serif&#8220; font_type=&#8220;safefont&#8220; font_size=&#8220;30&#8243; ornament_style=&#8220;norman-short-single&#8220; nss_align=&#8220;center&#8220;]Dont\u00b4s auf dem Campingplatz[\/mk_ornamental_title][vc_single_image image=&#8220;10814&#8243; img_size=&#8220;1200&#215;800&#8243; onclick=&#8220;link_image&#8220;][vc_column_text align=&#8220;center&#8220;]\n<p class=\"p1\"><b><\/b><span class=\"s1\">Wie Ihr wisst, ist die Camping Area auf den Ruhrauen Naturschutzgebiet. Grunds\u00e4tzlich gilt also: Geht bitte sorgsam mit der Natur um!<\/span><\/p>\n<p class=\"p3\"><span class=\"s1\">Zus\u00e4tzlich auf dem\u00a0Family-Campingplatz: Ghettoblaster \/ Boxen \/ Musikinstrumente<\/span><span class=\"s1\">\u00a0<\/span><\/p>\n[\/vc_column_text][\/vc_column][\/vc_row][vc_row][vc_column css=&#8220;.vc_custom_1469537878003{margin-top: 20px !important;}&#8220;][mk_ornamental_title font_family=&#8220;HelveticaNeue-Light, Helvetica Neue Light, Helvetica Neue, Helvetica, Arial, &#8222;Lucida Grande&#8222;, sans-serif&#8220; font_type=&#8220;safefont&#8220; font_size=&#8220;30&#8243; ornament_style=&#8220;norman-short-single&#8220; nss_align=&#8220;center&#8220;]Cannabis Konsum[\/mk_ornamental_title][vc_single_image image=&#8220;10894&#8243; img_size=&#8220;full&#8220; alignment=&#8220;center&#8220;][vc_column_text align=&#8220;center&#8220; css=&#8220;.vc_custom_1723114232156{margin-bottom: 0px !important;}&#8220;]\n<p class=\"p4\">Wir konnten bei den Genemigungsbeh\u00f6rden durchsetzten, da\u00df auf dem Ruhr Reggae summer Festival kiffen erlaubt ist. Vorraussetzung daf\u00fcr ist die strenge Einhaltung der Verbote nach dem KonsumCannbisGesetzt. Darin wird im \u00a75 Abs.1 &#8222;Der Konsum von Cannabis in unmittelbarer Gegenwart von Personen, die das 18. Lebensjahr noch nicht vollendet haben&#8220; verboten!<\/p>\n<p>Es git also f\u00fcr alle: Kiffen in der N\u00e4he von Minderj\u00e4hrigen verboten!<\/p>\n<p>Achtet bitte auf die Einhaltung der Verbote, da ansonsten das Ordnungsamt ein generelles Cannabis Konsumverbot auf der gesamten Veranstaltung durchsetzten wird.<\/p>\n<p>Wir sind auf dem Gel\u00e4nde mit unserem Awareness Team durchgehend unterwegs und beantworten gerne alle Fragen zu dem Thema. Auch werden wir streng durchsetzten, da\u00df sich alle an die Regeln halten, eine Missachtung kann bis zum Platzverweis f\u00fchren.[\/vc_column_text][\/vc_column][\/vc_row][vc_row][vc_column][\/vc_column][\/vc_row]\n<\/section>","protected":false},"excerpt":{"rendered":"<p>[vc_row][vc_column][mk_ornamental_title font_family=&#8220;HelveticaNeue-Light, Helvetica Neue Light, Helvetica Neue, Helvetica, Arial, &#8222;Lucida Grande&#8222;, sans-serif&#8220; font_type=&#8220;safefont&#8220; font_size=&#8220;30&#8243; ornament_style=&#8220;norman-short-single&#8220; nss_align=&#8220;center&#8220;]Do\u00b4s[\/mk_ornamental_title][vc_column_text align=&#8220;center&#8220;] Auf dem Festivalgel\u00e4nde erlaubt: Eine (1) unge\u00f6ffnete, bepfandete Plastikflasche Wasser pro Person. Grunds\u00e4tzlich erlaubt: Alles, was hier nicht aufgef\u00fchrt ist. Spontane Verbote sind\u00a0nicht\u00a0erlaubt. Au\u00dferdem erlaubt und erw\u00fcnscht: Am Schwimmbadeingang gibt es einen Festival-Infostand. Bitte wendet Euch bei Fragen [&hellip;]<\/p>\n","protected":false},"author":1,"featured_media":0,"parent":0,"menu_order":0,"comment_status":"closed","ping_status":"closed","template":"","meta":{"footnotes":""},"_links":{"self":[{"href":"https:\/\/www.ruhr-reggae-summer.de\/mhx\/wp-json\/wp\/v2\/pages\/9512"}],"collection":[{"href":"https:\/\/www.ruhr-reggae-summer.de\/mhx\/wp-json\/wp\/v2\/pages"}],"about":[{"href":"https:\/\/www.ruhr-reggae-summer.de\/mhx\/wp-json\/wp\/v2\/types\/page"}],"author":[{"embeddable":true,"href":"https:\/\/www.ruhr-reggae-summer.de\/mhx\/wp-json\/wp\/v2\/users\/1"}],"replies":[{"embeddable":true,"href":"https:\/\/www.ruhr-reggae-summer.de\/mhx\/wp-json\/wp\/v2\/comments?post=9512"}],"version-history":[{"count":17,"href":"https:\/\/www.ruhr-reggae-summer.de\/mhx\/wp-json\/wp\/v2\/pages\/9512\/revisions"}],"predecessor-version":[{"id":10895,"href":"https:\/\/www.ruhr-reggae-summer.de\/mhx\/wp-json\/wp\/v2\/pages\/9512\/revisions\/10895"}],"wp:attachment":[{"href":"https:\/\/www.ruhr-reggae-summer.de\/mhx\/wp-json\/wp\/v2\/media?parent=9512"}],"curies":[{"name":"wp","href":"https:\/\/api.w.org\/{rel}","templated":true}]}}