

{"id":9474,"date":"2016-04-12T12:15:14","date_gmt":"2016-04-12T10:15:14","guid":{"rendered":"http:\/\/www.ruhr-reggae-summer.de\/mhx\/?page_id=9474"},"modified":"2024-08-08T12:58:42","modified_gmt":"2024-08-08T10:58:42","slug":"hin-weg","status":"publish","type":"page","link":"https:\/\/www.ruhr-reggae-summer.de\/mhx\/hin-weg\/","title":{"rendered":"Anreise"},"content":{"rendered":"<section class=\"wpb-content-wrapper\">[vc_row css=&#8220;.vc_custom_1465316972582{margin-bottom: 30px !important;}&#8220;][vc_column width=&#8220;1\/3&#8243;][vc_single_image image=&#8220;9600&#8243; img_size=&#8220;360&#215;250&#8243; alignment=&#8220;center&#8220;][vc_column_text title=&#8220;Mit dem Auto&#8220; disable_pattern=&#8220;false&#8220; css=&#8220;.vc_custom_1723114720724{margin-bottom: 0px !important;}&#8220;]Anfahrt Festival (f\u00fcr Tagesg\u00e4ste und G\u00e4steliste):<br \/>\nFriesenstrasse 67, 45476 M\u00fclheim a.d.Ruhr<\/p>\n<p>Anfahrt Campingplatz (F\u00fcr Camper mit Zelt):<br \/>\nSteinkampstrasse, 45476 M\u00fclheim an der Ruhr<\/p>\n<p>Anfahrt Family Camping (F\u00fcr Familien mit Zelt):<br \/>\nSoldbadstrasse 10, 46049 Oberhausen<\/p>\n<p>Anfahrt Caravan Camping (F\u00fcr Wohnmobile, Kleinbusse, etc\u2026):<br \/>\nKolkerhofweg 2, 45478 M\u00fclheim a.d.Ruhr<\/p>\n<p>ACHTUNG! Wichtige Information f\u00fcr das Parken auf der Friesenstra\u00dfe.<br \/>\nAuf Grund einer Baustelle wird die Friesenstra\u00dfe zur Zeit leider als Umgehungsstra\u00dfe f\u00fcr umgeleiteten Verkehr zus\u00e4tzlich genutzt. Es kommt dort also zu erh\u00f6htem Verkehrsaufkommen. Auf der Friesenstra\u00dfe wird daher dieses Jahr parken verboten um die ohnehin schon enge Stra\u00dfe nicht noch zus\u00e4tzlich zu verstopfen. Das Ordnungsamt hat bereits angek\u00fcndigt bei der Durchsetzung der Parkverbote kompromisslos zu handeln. Wir empfehlen daher dringend das Parkverbot dort zu beachten, da es sonst teuer wird.[\/vc_column_text][\/vc_column][vc_column width=&#8220;1\/3&#8243;][vc_single_image image=&#8220;9571&#8243; img_size=&#8220;360&#215;250&#8243; alignment=&#8220;center&#8220;][vc_column_text title=&#8220;Mit dem Zug&#8220; disable_pattern=&#8220;false&#8220; css=&#8220;.vc_custom_1658420960930{margin-bottom: 0px !important;}&#8220;]Mit dem Zug kommt ihr ganz bequem ins Ruhrgebiet. M\u00fclheim a. d. Ruhr liegt direkt neben Essen, das eine ICE Anbindung bietet.<\/p>\n<p>Der Festival-Bahnhof \u201cM\u00fclheim an der Ruhr &#8211; Styrum\u201d befindet sich 10 Minuten Fu\u00dfweg vom Festival Haupteingang entfernt. Am Besten Ihr sucht Euch Eure Verbindung hier:<\/p>\n<p><a title=\"&gt;&gt; www.bahn.de\" href=\"http:\/\/www.bahn.de\" target=\"_blank\" rel=\"noopener noreferrer\">&gt;&gt; www.bahn.de<\/a><\/p>\n<p><a href=\"http:\/\/www.ruhr-reggae-summer.de\/mhx\/wp-content\/uploads\/2016\/04\/rrs_wegbeschreibung.pdf\">&gt;&gt; Einen \u00fcbersichtlicher Flyer mit der Fu\u00dfwegbeschreibung k\u00f6nnt ihr hier downloaden.<\/a>[\/vc_column_text][\/vc_column][vc_column width=&#8220;1\/3&#8243;][vc_single_image image=&#8220;9601&#8243; img_size=&#8220;360&#215;250&#8243; alignment=&#8220;center&#8220;][vc_column_text title=&#8220;Mit dem Bus&#8220; disable_pattern=&#8220;false&#8220; css=&#8220;.vc_custom_1721124812255{margin-bottom: 0px !important;}&#8220;]Festival-Camper reisen am Besten vom\u00a0 S-Bahnhof M\u00fclheim (Ruhr) Styrum mit der Buslinie 129 an. (Bushaltestelle &#8222;Nturbad&#8220;) Dort befinden sich auch die Festivalkassen, an denen Ihr Eurer Tickets gegen B\u00e4ndchen tauscht.<\/p>\n<p>Family-Camper nutzen vom S-Bahnhof M\u00fclheim (Ruhr) Styrum die Buslinie SB 90. (Bushaltestelle &#8222;Ruhrstadion&#8220;). Am Family Camp befinden sich Festivalkassen und die B\u00e4ndchenausgabe.<\/p>\n<p>Tagesbesucher gelangen am Besten \u00fcber den Festivaleingang an der Friesenstra\u00dfe auf das Gel\u00e4nde. Auf dem vorgelagerten Parkplatz P2 (Friesenstra\u00dfe 67) befinden sich Tageskassen.<\/p>\n<p>Bitte holt euch die aktuellen Fahrpl\u00e4ne unter:\u00a0<a href=\"http:\/\/vrr.de\">&gt;&gt; Verkehrsverbund Rhein-Ruhr<\/a>[\/vc_column_text][\/vc_column][\/vc_row][vc_row css=&#8220;.vc_custom_1465316992970{margin-bottom: 30px !important;}&#8220;][vc_column][mk_ornamental_title font_family=&#8220;HelveticaNeue-Light, Helvetica Neue Light, Helvetica Neue, Helvetica, Arial, &#8222;Lucida Grande&#8222;, sans-serif&#8220; font_type=&#8220;safefont&#8220; font_size=&#8220;26&#8243; ornament_style=&#8220;norman-single&#8220;]Festival Parkpl\u00e4tze[\/mk_ornamental_title][vc_accordions][vc_accordion_tab title=&#8220;P1 \u2013 BACKSTAGE&#8220;][vc_column_text]Dieser Parkplatz ist nur f\u00fcr Fahrzeuge mit Backstage Berechtigung zug\u00e4nglich.[\/vc_column_text][\/vc_accordion_tab][vc_accordion_tab title=&#8220;P2 \u2013 CREW PARKPLATZ, \u00d6FFENTLICHER PARKPLATZ (Geb\u00fchrenpflichtig)&#8220;][vc_column_text css=&#8220;.vc_custom_1658420901533{margin-bottom: 0px !important;}&#8220;]Dieser Parkplatz ist geb\u00fchrenpflichtig. Mitarbeiter der Veranstaltung und K\u00fcnstler k\u00f6nnen hier kostenlos parken.[\/vc_column_text][\/vc_accordion_tab][vc_accordion_tab title=&#8220;P3 \u2013 CARAVAN CAMPING&#8220;][vc_column_text]Caravan Campingplatz: Wer mit einem Campingbus oder Wohnmobil anreisen m\u00f6chte kann sich gegen eine einmalige Geb\u00fchr auf dem Caravanparkplatz P3 am Kolkerhofweg (Zufahrt \u00fcber Steinkampstrasse, siehe Lageplan unten) aufbauen. Auf der Zufahrtsstrasse steht zur sanit\u00e4ren Versorgung ein Toilettenkontainer mit fliessendem Wasser zur Verf\u00fcgung. Platzkarten sind im Vvk hier im Shop erh\u00e4ltlich.[\/vc_column_text][\/vc_accordion_tab][vc_accordion_tab title=&#8220;P4 \u2013 AUTOPARKPL\u00c4TZE&#8220;][vc_column_text]Weitere Parkm\u00f6glichkeiten: An der Hauptstrasse und Entlang der Zufahrt zur Galopprennbahn findet ihr Platz zum Parken. Zum Campingplatz f\u00fchrt eine direkte Busverbindung (Linie 122) mit ausrechend Kapazit\u00e4ten.[\/vc_column_text][\/vc_accordion_tab][\/vc_accordions][\/vc_column][\/vc_row][vc_row][vc_column][vc_column_text title=&#8220;Anfahrt \u00fcber Google Maps&#8220;][\/vc_column_text][vc_gmaps link=&#8220;#E-8_JTNDaWZyYW1lJTIwc3JjJTNEJTIyaHR0cHMlM0ElMkYlMkZ3d3cuZ29vZ2xlLmNvbSUyRm1hcHMlMkZlbWJlZCUzRnBiJTNEJTIxMW0xOCUyMTFtMTIlMjExbTMlMjExZDI0ODYuNTkxMDc2ODEwMDkwMyUyMTJkNi44Mjg5NTEzMTU4MTUyOTglMjEzZDUxLjQ0NzMwMzMyMjkxNjM5JTIxMm0zJTIxMWYwJTIxMmYwJTIxM2YwJTIxM20yJTIxMWkxMDI0JTIxMmk3NjglMjE0ZjEzLjElMjEzbTMlMjExbTIlMjExczB4NDdiOGMwNWUwMjdhZjE0OSUyNTNBMHg4ZTAzZjA0YWRiM2MzY2NjJTIxMnNGcmllc2Vuc3RyYSUyNUMzJTI1OUZlJTJCMTAxJTI1MkMlMkI0NTQ3NiUyQk0lMjVDMyUyNUJDbGhlaW0lMkJhbiUyQmRlciUyQlJ1aHIlMjE1ZTAlMjEzbTIlMjExc2RlJTIxMnNkZSUyMTR2MTQ2MDcxMDIwMzY4MiUyMiUyMHdpZHRoJTNEJTIyNjAwJTIyJTIwaGVpZ2h0JTNEJTIyNDUwJTIyJTIwZnJhbWVib3JkZXIlM0QlMjIwJTIyJTIwc3R5bGUlM0QlMjJib3JkZXIlM0EwJTIyJTIwYWxsb3dmdWxsc2NyZWVuJTNFJTNDJTJGaWZyYW1lJTNF&#8220;][\/vc_column][\/vc_row][vc_row][vc_column][\/vc_column][\/vc_row]\n<\/section>","protected":false},"excerpt":{"rendered":"<p>[vc_row css=&#8220;.vc_custom_1465316972582{margin-bottom: 30px !important;}&#8220;][vc_column width=&#8220;1\/3&#8243;][vc_single_image image=&#8220;9600&#8243; img_size=&#8220;360&#215;250&#8243; alignment=&#8220;center&#8220;][vc_column_text title=&#8220;Mit dem Auto&#8220; disable_pattern=&#8220;false&#8220; css=&#8220;.vc_custom_1723114720724{margin-bottom: 0px !important;}&#8220;]Anfahrt Festival (f\u00fcr Tagesg\u00e4ste und G\u00e4steliste): Friesenstrasse 67, 45476 M\u00fclheim a.d.Ruhr Anfahrt Campingplatz (F\u00fcr Camper mit Zelt): Steinkampstrasse, 45476 M\u00fclheim an der Ruhr Anfahrt Family Camping (F\u00fcr Familien mit Zelt): Soldbadstrasse 10, 46049 Oberhausen Anfahrt Caravan Camping (F\u00fcr Wohnmobile, Kleinbusse, etc\u2026): [&hellip;]<\/p>\n","protected":false},"author":1,"featured_media":0,"parent":0,"menu_order":0,"comment_status":"closed","ping_status":"closed","template":"","meta":{"footnotes":""},"_links":{"self":[{"href":"https:\/\/www.ruhr-reggae-summer.de\/mhx\/wp-json\/wp\/v2\/pages\/9474"}],"collection":[{"href":"https:\/\/www.ruhr-reggae-summer.de\/mhx\/wp-json\/wp\/v2\/pages"}],"about":[{"href":"https:\/\/www.ruhr-reggae-summer.de\/mhx\/wp-json\/wp\/v2\/types\/page"}],"author":[{"embeddable":true,"href":"https:\/\/www.ruhr-reggae-summer.de\/mhx\/wp-json\/wp\/v2\/users\/1"}],"replies":[{"embeddable":true,"href":"https:\/\/www.ruhr-reggae-summer.de\/mhx\/wp-json\/wp\/v2\/comments?post=9474"}],"version-history":[{"count":41,"href":"https:\/\/www.ruhr-reggae-summer.de\/mhx\/wp-json\/wp\/v2\/pages\/9474\/revisions"}],"predecessor-version":[{"id":10896,"href":"https:\/\/www.ruhr-reggae-summer.de\/mhx\/wp-json\/wp\/v2\/pages\/9474\/revisions\/10896"}],"wp:attachment":[{"href":"https:\/\/www.ruhr-reggae-summer.de\/mhx\/wp-json\/wp\/v2\/media?parent=9474"}],"curies":[{"name":"wp","href":"https:\/\/api.w.org\/{rel}","templated":true}]}}