

{"id":9468,"date":"2016-04-12T12:07:33","date_gmt":"2016-04-12T10:07:33","guid":{"rendered":"http:\/\/www.ruhr-reggae-summer.de\/mhx\/?page_id=9468"},"modified":"2026-03-26T15:47:03","modified_gmt":"2026-03-26T14:47:03","slug":"kontakt","status":"publish","type":"page","link":"https:\/\/www.ruhr-reggae-summer.de\/mhx\/kontakt\/","title":{"rendered":"Kontakt"},"content":{"rendered":"<section class=\"wpb-content-wrapper\">[vc_row][vc_column][vc_column_text css=&#8220;.vc_custom_1650827978214{margin-bottom: 0px !important;}&#8220;]<strong>Fragen zu Ticketbestellungen<\/strong><br \/>\n<a href=\"mailto:tickets@reggaesummer.com\">tickets@reggaesummer.com<\/a><\/p>\n<p><strong>sonstige\u00a0Fragen \/ Support<\/strong><br \/>\n<a href=\"mailto:help@reggaesummer.com\">help@reggaesummer.com<\/a><\/p>\n<p><strong>Fragen zu Markt, Basar und Gastro<\/strong><br \/>\n<a href=\"mailto:markt@reggaesummer.com\">markt@reggaesummer.com<\/a><\/p>\n<p><strong>Download Anmeldeformular f\u00fcr NON FOOD St\u00e4nde<\/strong><\/p>\n<address><a href=\"https:\/\/www.ruhr-reggae-summer.de\/mhx\/kontakt\/anmeldung-non-food-deutsch-2026\/\" rel=\"attachment wp-att-11102\">anmeldung-non-food-deutsch-2026<\/a><\/address>\n<address><a href=\"https:\/\/www.ruhr-reggae-summer.de\/mhx\/kontakt\/anmeldung-non-food-englisch-2026\/\" rel=\"attachment wp-att-11103\">anmeldung-non-food-englisch-2026<\/a><\/address>\n<address>\u00a0<\/address>\n<address>Bitte habt Verst\u00e4ndnis daf\u00fcr, dass wir auf Grund der zahlreichen Anfragen<br \/>\nnicht auf alle Mails direkt antworten k\u00f6nnen. Bitte erspart uns daher Fragen,<br \/>\ndie durch Informationen auf unserer Website beantwortet werden k\u00f6nnen.<\/address>\n<\/section>","protected":false},"excerpt":{"rendered":"<p>[vc_row][vc_column][vc_column_text css=&#8220;.vc_custom_1650827978214{margin-bottom: 0px !important;}&#8220;]Fragen zu Ticketbestellungen tickets@reggaesummer.com sonstige\u00a0Fragen \/ Support help@reggaesummer.com Fragen zu Markt, Basar und Gastro markt@reggaesummer.com Download Anmeldeformular f\u00fcr NON FOOD St\u00e4nde anmeldung-non-food-deutsch-2026 anmeldung-non-food-englisch-2026 \u00a0 Bitte habt Verst\u00e4ndnis daf\u00fcr, dass wir auf Grund der zahlreichen Anfragen nicht auf alle Mails direkt antworten k\u00f6nnen. Bitte erspart uns daher Fragen, die durch Informationen auf unserer [&hellip;]<\/p>\n","protected":false},"author":1,"featured_media":0,"parent":0,"menu_order":0,"comment_status":"closed","ping_status":"closed","template":"","meta":{"footnotes":""},"_links":{"self":[{"href":"https:\/\/www.ruhr-reggae-summer.de\/mhx\/wp-json\/wp\/v2\/pages\/9468"}],"collection":[{"href":"https:\/\/www.ruhr-reggae-summer.de\/mhx\/wp-json\/wp\/v2\/pages"}],"about":[{"href":"https:\/\/www.ruhr-reggae-summer.de\/mhx\/wp-json\/wp\/v2\/types\/page"}],"author":[{"embeddable":true,"href":"https:\/\/www.ruhr-reggae-summer.de\/mhx\/wp-json\/wp\/v2\/users\/1"}],"replies":[{"embeddable":true,"href":"https:\/\/www.ruhr-reggae-summer.de\/mhx\/wp-json\/wp\/v2\/comments?post=9468"}],"version-history":[{"count":17,"href":"https:\/\/www.ruhr-reggae-summer.de\/mhx\/wp-json\/wp\/v2\/pages\/9468\/revisions"}],"predecessor-version":[{"id":10634,"href":"https:\/\/www.ruhr-reggae-summer.de\/mhx\/wp-json\/wp\/v2\/pages\/9468\/revisions\/10634"}],"wp:attachment":[{"href":"https:\/\/www.ruhr-reggae-summer.de\/mhx\/wp-json\/wp\/v2\/media?parent=9468"}],"curies":[{"name":"wp","href":"https:\/\/api.w.org\/{rel}","templated":true}]}}