

{"id":9464,"date":"2016-04-12T12:05:12","date_gmt":"2016-04-12T10:05:12","guid":{"rendered":"http:\/\/www.ruhr-reggae-summer.de\/mhx\/?page_id=9464"},"modified":"2019-01-18T20:01:16","modified_gmt":"2019-01-18T19:01:16","slug":"naturbad","status":"publish","type":"page","link":"https:\/\/www.ruhr-reggae-summer.de\/mhx\/naturbad\/","title":{"rendered":"Naturbad"},"content":{"rendered":"<section class=\"wpb-content-wrapper\">[vc_row][vc_column][vc_column_text]Vergesst auf keinen Fall eure Badesachen:\u00a0Die Benutzung des idyllischen Naturbades auf unserem Festivalgel\u00e4nde ist f\u00fcr alle Ruhr Reggae Summer Besucher kostenlos!\u00a0Au\u00dferdem besteht auch die M\u00f6glichkeit zu Duschen und die Sanit\u00e4ren Anlagen zu benutzen.<\/p>\n<p>\u00d6ffnungszeiten: Freitag \u2013 Sonntag, jeweils 09:00 \u2013 20:00[\/vc_column_text][mk_gallery images=&#8220;9393,9615,9613,9612,9611,9609,9610,9616,9605,9608&#8243; style=&#8220;style3&#8243;][\/vc_column][\/vc_row]\n<\/section>","protected":false},"excerpt":{"rendered":"<p>[vc_row][vc_column][vc_column_text]Vergesst auf keinen Fall eure Badesachen:\u00a0Die Benutzung des idyllischen Naturbades auf unserem Festivalgel\u00e4nde ist f\u00fcr alle Ruhr Reggae Summer Besucher kostenlos!\u00a0Au\u00dferdem besteht auch die M\u00f6glichkeit zu Duschen und die Sanit\u00e4ren Anlagen zu benutzen. \u00d6ffnungszeiten: Freitag \u2013 Sonntag, jeweils 09:00 \u2013 20:00[\/vc_column_text][mk_gallery images=&#8220;9393,9615,9613,9612,9611,9609,9610,9616,9605,9608&#8243; style=&#8220;style3&#8243;][\/vc_column][\/vc_row]<\/p>\n","protected":false},"author":1,"featured_media":0,"parent":0,"menu_order":0,"comment_status":"closed","ping_status":"closed","template":"","meta":{"footnotes":""},"_links":{"self":[{"href":"https:\/\/www.ruhr-reggae-summer.de\/mhx\/wp-json\/wp\/v2\/pages\/9464"}],"collection":[{"href":"https:\/\/www.ruhr-reggae-summer.de\/mhx\/wp-json\/wp\/v2\/pages"}],"about":[{"href":"https:\/\/www.ruhr-reggae-summer.de\/mhx\/wp-json\/wp\/v2\/types\/page"}],"author":[{"embeddable":true,"href":"https:\/\/www.ruhr-reggae-summer.de\/mhx\/wp-json\/wp\/v2\/users\/1"}],"replies":[{"embeddable":true,"href":"https:\/\/www.ruhr-reggae-summer.de\/mhx\/wp-json\/wp\/v2\/comments?post=9464"}],"version-history":[{"count":7,"href":"https:\/\/www.ruhr-reggae-summer.de\/mhx\/wp-json\/wp\/v2\/pages\/9464\/revisions"}],"predecessor-version":[{"id":10120,"href":"https:\/\/www.ruhr-reggae-summer.de\/mhx\/wp-json\/wp\/v2\/pages\/9464\/revisions\/10120"}],"wp:attachment":[{"href":"https:\/\/www.ruhr-reggae-summer.de\/mhx\/wp-json\/wp\/v2\/media?parent=9464"}],"curies":[{"name":"wp","href":"https:\/\/api.w.org\/{rel}","templated":true}]}}