

{"id":9460,"date":"2016-04-12T12:00:40","date_gmt":"2016-04-12T10:00:40","guid":{"rendered":"http:\/\/www.ruhr-reggae-summer.de\/mhx\/?page_id=9460"},"modified":"2026-05-08T09:34:20","modified_gmt":"2026-05-08T07:34:20","slug":"camping","status":"publish","type":"page","link":"https:\/\/www.ruhr-reggae-summer.de\/mhx\/camping\/","title":{"rendered":"Camping"},"content":{"rendered":"<section class=\"wpb-content-wrapper\">[vc_row css=&#8220;.vc_custom_1467661679973{margin-bottom: 10px !important;}&#8220;][vc_column][vc_column_text][\/vc_column_text][vc_single_image image=&#8220;9396&#8243; img_size=&#8220;1160&#215;350&#8243;][mk_pricing_table style=&#8220;monocolor&#8220; table_number=&#8220;3&#8243; order=&#8220;ASC&#8220; orderby=&#8220;menu_order&#8220;][\/mk_pricing_table][vc_column_text align=&#8220;center&#8220;]Wichtig: Der Family Campingplatz ist nur f\u00fcr Familien mit Kindern oder G\u00e4ste, die mit Familien &amp; Kindern anreisen. Ausnahmen behalten wir uns f\u00fcr ruhebed\u00fcrftige Personen vor.[\/vc_column_text][vc_empty_space height=&#8220;64px&#8220;][mk_ornamental_title font_family=&#8220;HelveticaNeue-Light, Helvetica Neue Light, Helvetica Neue, Helvetica, Arial, &#8222;Lucida Grande&#8222;, sans-serif&#8220; font_type=&#8220;safefont&#8220; font_size=&#8220;26&#8243; ornament_style=&#8220;norman-single&#8220;]Allgemeine Camping Informationen[\/mk_ornamental_title][vc_accordions][vc_accordion_tab title=&#8220;M\u00fcllpfand&#8220;][vc_column_text]Da die Ruhrauen Wasserschutzgebiet sind und ausserdem Lebensraum f\u00fcr viele teils seltene Tierarten bieten, legen wir als Veranstalter besonders viel Wert auf eine bewussten Umgang mit dem entstehenden M\u00fcll! Bei erstmaligen Betreten des Campinggel\u00e4ndes erhaltet Ihr deswegen einen M\u00fcllsack f\u00fcr Euren M\u00fcll gegen einen Pfand von 10 Euro. Diesen Pfand erhaltet Ihr bei Verlassen des Gel\u00e4ndes gegen Abgabe Eures gef\u00fcllten M\u00fcllsacks selbstverst\u00e4ndlich zur\u00fcck.[\/vc_column_text][\/vc_accordion_tab][vc_accordion_tab title=&#8220;Festival Camp&#8220;][vc_column_text css=&#8220;.vc_custom_1775131410963{margin-bottom: 0px !important;}&#8220;]Gezeltet wird auf den Ruhrauen direkt zwischen Ruhr und Schwimmbad. Auf dem Campingplatz gibts Kaffee, Dosenbier, Wasser, Fr\u00fchst\u00fcck, ein Teezelt zum Chillen, Bier vom Fass, sowie Toiletten &amp; Waschm\u00f6glichkeiten, Duschen sind w\u00e4hrend des Schwimmbadbetriebes im Freibad kostenfrei nutzbar. Der Zeltplatz befindet sich im Naturschutzgebiet und darf nicht mit Fahrzeugen befahren werden. Die Andienung erfolgt \u00fcber eine Haltebucht direkt vor dem Campingplatz. Dort d\u00fcrfen Fahrzeuge zu be,-und entladen halten.[\/vc_column_text][\/vc_accordion_tab][vc_accordion_tab title=&#8220;Camping \u00d6ffnungzeiten&#8220;][vc_column_text]Die Auen werden am Festival-Donnerstag um 12 Uhr f\u00fcr Camper ge\u00f6ffnet. Am Eingang k\u00f6nnen auch ab diesem Zeitpunkt Festivaltickets erworben werden. Die Nutzung des Campingplatzes f\u00fcr Festivalbesucher ist geb\u00fchrenpflichtig. Am Montag nach dem Festival m\u00fcssen die gesamten Auen bis 12 Uhr ger\u00e4umt sein.[\/vc_column_text][\/vc_accordion_tab][vc_accordion_tab title=&#8220;Fahrzeuge auf dem Campingplatz&#8220;][vc_column_text]Auf den Auen sind Fahrzeuge nicht erlaubt. Alle Fahrzeuge m\u00fcssen auf den umliegenden Parkpl\u00e4tzen abgestellt werden. Infos zum Parken erhaltet Ihr auf der \u201cAnreise\u201d Seite.[\/vc_column_text][\/vc_accordion_tab][vc_accordion_tab title=&#8220;Camping Regeln&#8220;][vc_column_text]Da wir uns neben einem reibungslosen Ablauf der Veranstaltung auch um eine positive und stressfreie Atmosph\u00e4re unter den G\u00e4sten bem\u00fchen, wollen wir hier keinen grossen Regelkatalog festsetzten. Wenn alle aufeinander R\u00fccksicht nehmen und die Interessen des Gegen\u00fcberes gewahrt werden, kann einem gelungenen Fest nichts mehr im Wege stehen.<\/p>\n<p><span class=\"fettrot\">Auf einige Punkte m\u00fcssen wir jedoch hinweisen, da die Nutzung des Gel\u00e4ndes mit Auflagen des Umweltamtes verbunden sind: Informiert euch hier bitte in unserer Rubrik Do\u00b4s &amp; Don\u00b4ts.<\/span>[\/vc_column_text][\/vc_accordion_tab][\/vc_accordions][\/vc_column][\/vc_row][vc_row][vc_column css=&#8220;.vc_custom_1467658234107{margin-top: -160px !important;}&#8220;][mk_gallery images=&#8220;11153,11154&#8243; column=&#8220;2&#8243; height=&#8220;225&#8243; hover_scenarios=&#8220;blur&#8220; overlay_color=&#8220;#0a0a0a&#8220; item_spacing=&#8220;15&#8243; frame_style=&#8220;grid&#8220;][\/vc_column][\/vc_row]\n<\/section>","protected":false},"excerpt":{"rendered":"<p>[vc_row css=&#8220;.vc_custom_1467661679973{margin-bottom: 10px !important;}&#8220;][vc_column][vc_column_text][\/vc_column_text][vc_single_image image=&#8220;9396&#8243; img_size=&#8220;1160&#215;350&#8243;][mk_pricing_table style=&#8220;monocolor&#8220; table_number=&#8220;3&#8243; order=&#8220;ASC&#8220; orderby=&#8220;menu_order&#8220;][\/mk_pricing_table][vc_column_text align=&#8220;center&#8220;]Wichtig: Der Family Campingplatz ist nur f\u00fcr Familien mit Kindern oder G\u00e4ste, die mit Familien &amp; Kindern anreisen. Ausnahmen behalten wir uns f\u00fcr ruhebed\u00fcrftige Personen vor.[\/vc_column_text][vc_empty_space height=&#8220;64px&#8220;][mk_ornamental_title font_family=&#8220;HelveticaNeue-Light, Helvetica Neue Light, Helvetica Neue, Helvetica, Arial, &#8222;Lucida Grande&#8222;, sans-serif&#8220; font_type=&#8220;safefont&#8220; font_size=&#8220;26&#8243; ornament_style=&#8220;norman-single&#8220;]Allgemeine Camping Informationen[\/mk_ornamental_title][vc_accordions][vc_accordion_tab title=&#8220;M\u00fcllpfand&#8220;][vc_column_text]Da die [&hellip;]<\/p>\n","protected":false},"author":1,"featured_media":0,"parent":0,"menu_order":0,"comment_status":"closed","ping_status":"closed","template":"","meta":{"footnotes":""},"_links":{"self":[{"href":"https:\/\/www.ruhr-reggae-summer.de\/mhx\/wp-json\/wp\/v2\/pages\/9460"}],"collection":[{"href":"https:\/\/www.ruhr-reggae-summer.de\/mhx\/wp-json\/wp\/v2\/pages"}],"about":[{"href":"https:\/\/www.ruhr-reggae-summer.de\/mhx\/wp-json\/wp\/v2\/types\/page"}],"author":[{"embeddable":true,"href":"https:\/\/www.ruhr-reggae-summer.de\/mhx\/wp-json\/wp\/v2\/users\/1"}],"replies":[{"embeddable":true,"href":"https:\/\/www.ruhr-reggae-summer.de\/mhx\/wp-json\/wp\/v2\/comments?post=9460"}],"version-history":[{"count":28,"href":"https:\/\/www.ruhr-reggae-summer.de\/mhx\/wp-json\/wp\/v2\/pages\/9460\/revisions"}],"predecessor-version":[{"id":11163,"href":"https:\/\/www.ruhr-reggae-summer.de\/mhx\/wp-json\/wp\/v2\/pages\/9460\/revisions\/11163"}],"wp:attachment":[{"href":"https:\/\/www.ruhr-reggae-summer.de\/mhx\/wp-json\/wp\/v2\/media?parent=9460"}],"curies":[{"name":"wp","href":"https:\/\/api.w.org\/{rel}","templated":true}]}}